{"id":3,"date":"2020-10-05T16:36:31","date_gmt":"2020-10-05T16:36:31","guid":{"rendered":"http:\/\/www.hoteles3b.com.mx\/elfaromalecon\/?page_id=3"},"modified":"2021-11-30T04:54:15","modified_gmt":"2021-11-30T04:54:15","slug":"privacy-policy","status":"publish","type":"page","link":"http:\/\/www.hoteles3b.com.mx\/elfaromalecon\/privacy-policy\/","title":{"rendered":"Aviso de Privacidad"},"content":{"rendered":"\n<p>De acuerdo a lo Previsto en la \u201cLey Federal de Protecci\u00f3n de Datos Personales\u201d, declara Juan Carlos Carballal Cendon, ser una empresa legalmente constituida de conformidad con las leyes mexicanas, con domicilio enAv. 16 de Septiembre No. 223 entre Arista y Esteban Morales Col. Faros. C. P. 91709, Veracruz, Ver., y como responsable del tratamiento de sus datos personales, hace de su conocimiento que la informaci\u00f3n de nuestros clientes es tratada de forma estrictamente confidencial por lo que al proporcionar sus datos personales, tales como:<\/p>\n\n\n\n<p>1. Nombre completo<\/p>\n\n\n\n<p>2. Direcci\u00f3n<\/p>\n\n\n\n<p>3. RegistroFederal de Contribuyentes<\/p>\n\n\n\n<p>4. Tel\u00e9fonos<\/p>\n\n\n\n<p>5. Correo electr\u00f3nico<\/p>\n\n\n\n<p>6. Firma autogr\u00e1fa<\/p>\n\n\n\n<p>Estos ser\u00e1n utilizados \u00fanica y exclusivamente para los siguientes fines:<\/p>\n\n\n\n<p>1. Informaci\u00f3n y prestaci\u00f3n de servicios<\/p>\n\n\n\n<p>2. Actualizaci\u00f3n de la base de datos<\/p>\n\n\n\n<p>3. Cualquier finalidad an\u00e1loga o compatible con las anteriores<\/p>\n\n\n\n<p>En el caso de datos sensibles , tales como:<\/p>\n\n\n\n<p>1. Informaci\u00f3n de tarjetas bancarias de cr\u00e9dito o d\u00e9bito (n\u00famero de tarjeta, fecha de expiraci\u00f3n, clave de seguridad)<\/p>\n\n\n\n<p>Estos ser\u00e1n utilizados \u00fanica y exclusivamente para los siguientes fines:<\/p>\n\n\n\n<p>1. Informaci\u00f3n y prestaci\u00f3n de servicios<\/p>\n\n\n\n<p>2. Cualquier finalidad an\u00e1loga o compatible con la anterior<\/p>\n\n\n\n<p>Todos sus datos personales son tratados de acuerdo a la legislaci\u00f3n aplicable y vigente en el pa\u00eds, por ello le informamos que usted tiene en todo momento los derechos (ARCO) de acceder, rectificar, cancelar u oponerse al tratamiento que le damos a sus datos personales; derecho que podr\u00e1 hacer valer a trav\u00e9s del \u00c1rea de Administraci\u00f3n al Tel\u00e9fono (229) 9 31 65 38, o al correo electr\u00f3nico: hotelelfaro3b@gmail.com<\/p>\n\n\n\n<p>A trav\u00e9s de estos canales usted podr\u00e1 actualizar sus datos y especificar el medio por el cual desea recibir informaci\u00f3n, ya que en caso de no contar con esta especificaci\u00f3n de su parte, Juan Carlos Carballal Cendon establecer\u00e1 libremente el canal que considere pertinente para enviarle informaci\u00f3n.<\/p>\n\n\n\n<p>Este aviso de privacidad podr\u00e1 ser modificado por Juan Carlos Carballal Cendon, dichas modificaciones ser\u00e1n oportunamente informadas a trav\u00e9s de correo electr\u00f3nico, tel\u00e9fono, o cualquier otro medio de comunicaci\u00f3n que Juan Carlos Carballal Cendon determine para tal efecto.<\/p>\n\n\n\n<p class=\"has-text-align-center\">ATENTAMENTE<\/p>\n\n\n\n<p class=\"has-text-align-center\">JUAN CARLOS CARBALLAL CENDON<\/p>\n","protected":false},"excerpt":{"rendered":"<p>De acuerdo a lo Previsto en la \u201cLey Federal de Protecci\u00f3n de Datos Personales\u201d, declara Juan Carlos Carballal Cendon, ser una empresa legalmente constituida de [&hellip;]<\/p>\n","protected":false},"author":1,"featured_media":0,"parent":0,"menu_order":0,"comment_status":"closed","ping_status":"open","template":"template-fullwide.php","meta":{"_joinchat":[],"footnotes":""},"_links":{"self":[{"href":"http:\/\/www.hoteles3b.com.mx\/elfaromalecon\/wp-json\/wp\/v2\/pages\/3"}],"collection":[{"href":"http:\/\/www.hoteles3b.com.mx\/elfaromalecon\/wp-json\/wp\/v2\/pages"}],"about":[{"href":"http:\/\/www.hoteles3b.com.mx\/elfaromalecon\/wp-json\/wp\/v2\/types\/page"}],"author":[{"embeddable":true,"href":"http:\/\/www.hoteles3b.com.mx\/elfaromalecon\/wp-json\/wp\/v2\/users\/1"}],"replies":[{"embeddable":true,"href":"http:\/\/www.hoteles3b.com.mx\/elfaromalecon\/wp-json\/wp\/v2\/comments?post=3"}],"version-history":[{"count":4,"href":"http:\/\/www.hoteles3b.com.mx\/elfaromalecon\/wp-json\/wp\/v2\/pages\/3\/revisions"}],"predecessor-version":[{"id":183,"href":"http:\/\/www.hoteles3b.com.mx\/elfaromalecon\/wp-json\/wp\/v2\/pages\/3\/revisions\/183"}],"wp:attachment":[{"href":"http:\/\/www.hoteles3b.com.mx\/elfaromalecon\/wp-json\/wp\/v2\/media?parent=3"}],"curies":[{"name":"wp","href":"https:\/\/api.w.org\/{rel}","templated":true}]}}