{"id":59,"date":"2022-11-17T23:01:16","date_gmt":"2022-11-17T23:01:16","guid":{"rendered":"http:\/\/www.hoteles3b.com.mx\/jar8boca\/?page_id=59"},"modified":"2022-11-17T23:07:47","modified_gmt":"2022-11-17T23:07:47","slug":"aviso-de-privacidad","status":"publish","type":"page","link":"http:\/\/www.hoteles3b.com.mx\/jar8boca\/aviso-de-privacidad\/","title":{"rendered":"Aviso de Privacidad"},"content":{"rendered":"\t\t<div data-elementor-type=\"wp-page\" data-elementor-id=\"59\" class=\"elementor elementor-59\">\n\t\t\t\t\t\t<section class=\"elementor-section elementor-top-section elementor-element elementor-element-69d18b4f elementor-section-boxed elementor-section-height-default elementor-section-height-default\" data-id=\"69d18b4f\" data-element_type=\"section\" data-settings=\"{&quot;background_background&quot;:&quot;classic&quot;}\">\n\t\t\t\t\t\t<div class=\"elementor-container elementor-column-gap-default\">\n\t\t\t\t\t<div class=\"elementor-column elementor-col-100 elementor-top-column elementor-element elementor-element-287dd85a\" data-id=\"287dd85a\" data-element_type=\"column\">\n\t\t\t<div class=\"elementor-widget-wrap elementor-element-populated\">\n\t\t\t\t\t\t<div class=\"elementor-element elementor-element-343c95c elementor-widget elementor-widget-spacer\" data-id=\"343c95c\" data-element_type=\"widget\" data-widget_type=\"spacer.default\">\n\t\t\t\t<div class=\"elementor-widget-container\">\n\t\t\t\t\t\t\t<div class=\"elementor-spacer\">\n\t\t\t<div class=\"elementor-spacer-inner\"><\/div>\n\t\t<\/div>\n\t\t\t\t\t\t<\/div>\n\t\t\t\t<\/div>\n\t\t\t\t<div class=\"elementor-element elementor-element-d073138 elementor-widget elementor-widget-heading\" data-id=\"d073138\" data-element_type=\"widget\" data-widget_type=\"heading.default\">\n\t\t\t\t<div class=\"elementor-widget-container\">\n\t\t\t\t\t<h2 class=\"elementor-heading-title elementor-size-default\">Aviso de Privacidad<\/h2>\t\t\t\t<\/div>\n\t\t\t\t<\/div>\n\t\t\t\t<div class=\"elementor-element elementor-element-14bb8ff2 elementor-widget elementor-widget-text-editor\" data-id=\"14bb8ff2\" data-element_type=\"widget\" data-widget_type=\"text-editor.default\">\n\t\t\t\t<div class=\"elementor-widget-container\">\n\t\t\t\t\t\t\t\t\t\n<p>De acuerdo a lo Previsto en la \u201cLey Federal de Protecci\u00f3n de Datos Personales\u201d, declara Operadora Tur\u00edstica Cendon, SA de CV., ser una empresa legalmente constituida de conformidad con las leyes mexicanas, con domicilio en Juan Enr\u00edquez 127, Colonia Ricardo Flores Mag\u00f3n, C.P. 91900, Veracruz, Veracruz \u2013 Llave; y como responsable del tratamiento de sus datos personales, hace de su conocimiento que la informaci\u00f3n de nuestros clientes es tratada de forma estrictamente confidencial por lo que al proporcionar sus datos personales, tales como:<\/p>\n\n\n\n<p>1. Nombre completo<\/p>\n\n\n\n<p>2. Direcci\u00f3n<\/p>\n\n\n\n<p>3. RegistroFederal de Contribuyentes<\/p>\n\n\n\n<p>4. Tel\u00e9fonos<\/p>\n\n\n\n<p>5. Correo electr\u00f3nico<\/p>\n\n\n\n<p>6. Firma autogr\u00e1fa<\/p>\n\n\n\n<p>Estos ser\u00e1n utilizados \u00fanica y exclusivamente para los siguientes fines:<\/p>\n\n\n\n<p>1. Informaci\u00f3n y prestaci\u00f3n de servicios<\/p>\n\n\n\n<p>2. Actualizaci\u00f3n de la base de datos<\/p>\n\n\n\n<p>3. Cualquier finalidad an\u00e1loga o compatible con las anteriores<\/p>\n\n\n\n<p>En el caso de datos sensibles , tales como:<\/p>\n\n\n\n<p>1. Informaci\u00f3n de tarjetas bancarias de cr\u00e9dito o d\u00e9bito (n\u00famero de tarjeta, fecha de expiraci\u00f3n, clave de seguridad)<\/p>\n\n\n\n<p>Estos ser\u00e1n utilizados \u00fanica y exclusivamente para los siguientes fines:<\/p>\n\n\n\n<p>1. Informaci\u00f3n y prestaci\u00f3n de servicios<\/p>\n\n\n\n<p>2. Cualquier finalidad an\u00e1loga o compatible con la anterior<\/p>\n\n\n\n<p>Todos sus datos personales son tratados de acuerdo a la legislaci\u00f3n aplicable y vigente en el pa\u00eds, por ello le informamos que usted tiene en todo momento los derechos (ARCO) de acceder, rectificar, cancelar u oponerse al tratamiento que le damos a sus datos personales; derecho que podr\u00e1 hacer valer a trav\u00e9s del \u00c1rea de Administraci\u00f3n al Tel\u00e9fono (229) 5894404, o al correo electr\u00f3nico: hoteljar8veracruz@gmail.com<\/p>\n\n\n\n<p>A trav\u00e9s de estos canales usted podr\u00e1 actualizar sus datos y especificar el medio por el cual desea recibir informaci\u00f3n, ya que en caso de no contar con esta especificaci\u00f3n de su parte, Operadora Tur\u00edstica Cendon SA de CV. establecer\u00e1 libremente el canal que considere pertinente para enviarle informaci\u00f3n.<\/p>\n\n\n\n<p>Este aviso de privacidad podr\u00e1 ser modificado por Operadora Tur\u00edstica Cendon SA de CV., dichas modificaciones ser\u00e1n oportunamente informadas a trav\u00e9s de correo electr\u00f3nico, tel\u00e9fono, o cualquier otro medio de comunicaci\u00f3n que Operadora Tur\u00edstica Cendon SA de CV. determine para tal efecto.<\/p>\n\n\n\n<p>ATENTAMENTE<\/p>\n\n\n\n<p>OPERADORA TURISTICA CENDON SA DE CV<\/p>\n\t\t\t\t\t\t\t\t<\/div>\n\t\t\t\t<\/div>\n\t\t\t\t\t<\/div>\n\t\t<\/div>\n\t\t\t\t\t<\/div>\n\t\t<\/section>\n\t\t\t\t<\/div>\n\t\t","protected":false},"excerpt":{"rendered":"<p>Aviso de Privacidad De acuerdo a lo Previsto en la \u201cLey Federal de Protecci\u00f3n de Datos Personales\u201d, declara Operadora Tur\u00edstica Cendon, SA de CV., ser [&hellip;]<\/p>\n","protected":false},"author":1,"featured_media":0,"parent":0,"menu_order":0,"comment_status":"closed","ping_status":"closed","template":"elementor_header_footer","meta":{"footnotes":""},"_links":{"self":[{"href":"http:\/\/www.hoteles3b.com.mx\/jar8boca\/wp-json\/wp\/v2\/pages\/59"}],"collection":[{"href":"http:\/\/www.hoteles3b.com.mx\/jar8boca\/wp-json\/wp\/v2\/pages"}],"about":[{"href":"http:\/\/www.hoteles3b.com.mx\/jar8boca\/wp-json\/wp\/v2\/types\/page"}],"author":[{"embeddable":true,"href":"http:\/\/www.hoteles3b.com.mx\/jar8boca\/wp-json\/wp\/v2\/users\/1"}],"replies":[{"embeddable":true,"href":"http:\/\/www.hoteles3b.com.mx\/jar8boca\/wp-json\/wp\/v2\/comments?post=59"}],"version-history":[{"count":4,"href":"http:\/\/www.hoteles3b.com.mx\/jar8boca\/wp-json\/wp\/v2\/pages\/59\/revisions"}],"predecessor-version":[{"id":66,"href":"http:\/\/www.hoteles3b.com.mx\/jar8boca\/wp-json\/wp\/v2\/pages\/59\/revisions\/66"}],"wp:attachment":[{"href":"http:\/\/www.hoteles3b.com.mx\/jar8boca\/wp-json\/wp\/v2\/media?parent=59"}],"curies":[{"name":"wp","href":"https:\/\/api.w.org\/{rel}","templated":true}]}}